{"id":663,"date":"2025-09-02T19:25:51","date_gmt":"2025-09-02T19:25:51","guid":{"rendered":"https:\/\/maderolaw.com\/en\/?page_id=663"},"modified":"2025-10-15T13:54:30","modified_gmt":"2025-10-15T13:54:30","slug":"cookie-policy","status":"publish","type":"page","link":"https:\/\/maderolaw.com\/en\/cookie-policy\/","title":{"rendered":"Cookie Policy"},"content":{"rendered":"\t\t<div data-elementor-type=\"wp-page\" data-elementor-id=\"663\" class=\"elementor elementor-663\" data-elementor-post-type=\"page\">\n\t\t\t\t<div class=\"elementor-element elementor-element-e706764 e-flex e-con-boxed e-con e-parent\" data-id=\"e706764\" data-element_type=\"container\" data-e-type=\"container\" data-settings=\"{&quot;jet_parallax_layout_list&quot;:[]}\">\n\t\t\t\t\t<div class=\"e-con-inner\">\n\t\t\t\t<div class=\"elementor-element elementor-element-8e91dee elementor-widget elementor-widget-heading\" data-id=\"8e91dee\" data-element_type=\"widget\" data-e-type=\"widget\" data-widget_type=\"heading.default\">\n\t\t\t\t\t<h2 class=\"elementor-heading-title elementor-size-default\">Cookie Policy<\/h2>\t\t\t\t<\/div>\n\t\t\t\t<div class=\"elementor-element elementor-element-a79b0b7 elementor-widget elementor-widget-jet-listing-grid\" data-id=\"a79b0b7\" data-element_type=\"widget\" data-e-type=\"widget\" data-settings=\"{&quot;columns&quot;:&quot;1&quot;}\" data-widget_type=\"jet-listing-grid.default\">\n\t\t\t\t\t<div class=\"jet-listing-grid jet-listing\"><div class=\"jet-listing-grid__items grid-col-desk-1 grid-col-tablet-1 grid-col-mobile-1 jet-listing-grid--2181\" data-queried-id=\"663|WP_Post\" data-nav=\"{&quot;enabled&quot;:false,&quot;type&quot;:null,&quot;more_el&quot;:null,&quot;query&quot;:[],&quot;widget_settings&quot;:{&quot;lisitng_id&quot;:2181,&quot;posts_num&quot;:200,&quot;columns&quot;:1,&quot;columns_tablet&quot;:1,&quot;columns_mobile&quot;:1,&quot;column_min_width&quot;:240,&quot;column_min_width_tablet&quot;:240,&quot;column_min_width_mobile&quot;:240,&quot;inline_columns_css&quot;:false,&quot;is_archive_template&quot;:&quot;&quot;,&quot;post_status&quot;:[&quot;publish&quot;],&quot;use_random_posts_num&quot;:&quot;&quot;,&quot;max_posts_num&quot;:9,&quot;not_found_message&quot;:&quot;No data was found&quot;,&quot;is_masonry&quot;:false,&quot;equal_columns_height&quot;:&quot;&quot;,&quot;use_load_more&quot;:&quot;&quot;,&quot;load_more_id&quot;:&quot;&quot;,&quot;load_more_type&quot;:&quot;click&quot;,&quot;load_more_offset&quot;:{&quot;unit&quot;:&quot;px&quot;,&quot;size&quot;:0,&quot;sizes&quot;:[]},&quot;use_custom_post_types&quot;:&quot;&quot;,&quot;custom_post_types&quot;:[],&quot;hide_widget_if&quot;:&quot;&quot;,&quot;carousel_enabled&quot;:&quot;&quot;,&quot;slides_to_scroll&quot;:&quot;1&quot;,&quot;arrows&quot;:&quot;true&quot;,&quot;arrow_icon&quot;:&quot;fa fa-angle-left&quot;,&quot;dots&quot;:&quot;&quot;,&quot;autoplay&quot;:&quot;true&quot;,&quot;pause_on_hover&quot;:&quot;true&quot;,&quot;autoplay_speed&quot;:5000,&quot;infinite&quot;:&quot;true&quot;,&quot;center_mode&quot;:&quot;&quot;,&quot;effect&quot;:&quot;slide&quot;,&quot;speed&quot;:500,&quot;inject_alternative_items&quot;:&quot;&quot;,&quot;injection_items&quot;:[],&quot;scroll_slider_enabled&quot;:&quot;&quot;,&quot;scroll_slider_on&quot;:[&quot;desktop&quot;,&quot;tablet&quot;,&quot;mobile&quot;],&quot;custom_query&quot;:false,&quot;custom_query_id&quot;:&quot;&quot;,&quot;_element_id&quot;:&quot;&quot;,&quot;collapse_first_last_gap&quot;:false,&quot;list_tag_selection&quot;:&quot;&quot;,&quot;list_items_wrapper_tag&quot;:&quot;div&quot;,&quot;list_item_tag&quot;:&quot;div&quot;,&quot;empty_items_wrapper_tag&quot;:&quot;div&quot;}}\" data-page=\"1\" data-pages=\"1\" data-listing-source=\"repeater\" data-listing-id=\"2181\" data-query-id=\"\"><div class=\"jet-listing-grid__item jet-listing-dynamic-post-663\" data-post-id=\"663\"  >\t\t<div data-elementor-type=\"jet-listing-items\" data-elementor-id=\"2181\" class=\"elementor elementor-2181\" data-elementor-post-type=\"jet-engine\">\n\t\t\t\t<div class=\"elementor-element elementor-element-a39bd8f e-flex e-con-boxed e-con e-parent\" data-id=\"a39bd8f\" data-element_type=\"container\" data-e-type=\"container\" data-settings=\"{&quot;jet_parallax_layout_list&quot;:[]}\">\n\t\t\t\t\t<div class=\"e-con-inner\">\n\t\t\t\t<div class=\"elementor-element elementor-element-9e4202d elementor-widget elementor-widget-jet-listing-dynamic-field\" data-id=\"9e4202d\" data-element_type=\"widget\" data-e-type=\"widget\" data-widget_type=\"jet-listing-dynamic-field.default\">\n\t\t\t\t\t<div class=\"jet-listing jet-listing-dynamic-field display-inline\"><div class=\"jet-listing-dynamic-field__inline-wrap\"><div class=\"jet-listing-dynamic-field__content\" ><p style=\"text-align: justify\"><span style=\"font-weight: 400\">At\u00a0Madero Law, we use cookies and similar technologies to optimize your browsing experience on our website, analyze traffic patterns, and personalize content, in accordance with our Personal Data Protection Policy and applicable data protection regulations.<\/span><\/p>\n<\/div><\/div><\/div>\t\t\t\t<\/div>\n\t\t\t\t\t<\/div>\n\t\t\t\t<\/div>\n\t\t\t\t<\/div>\n\t\t<\/div><div class=\"jet-listing-grid__item jet-listing-dynamic-post-663\" data-post-id=\"663\"  >\t\t<div data-elementor-type=\"jet-listing-items\" data-elementor-id=\"2181\" class=\"elementor elementor-2181\" data-elementor-post-type=\"jet-engine\">\n\t\t\t\t<div class=\"elementor-element elementor-element-a39bd8f e-flex e-con-boxed e-con e-parent\" data-id=\"a39bd8f\" data-element_type=\"container\" data-e-type=\"container\" data-settings=\"{&quot;jet_parallax_layout_list&quot;:[]}\">\n\t\t\t\t\t<div class=\"e-con-inner\">\n\t\t\t\t<div class=\"elementor-element elementor-element-500ab6d elementor-widget elementor-widget-jet-listing-dynamic-field\" data-id=\"500ab6d\" data-element_type=\"widget\" data-e-type=\"widget\" data-widget_type=\"jet-listing-dynamic-field.default\">\n\t\t\t\t\t<div class=\"jet-listing jet-listing-dynamic-field display-inline\"><div class=\"jet-listing-dynamic-field__inline-wrap\"><div class=\"jet-listing-dynamic-field__content\" >1. Definition of Cookies<\/div><\/div><\/div>\t\t\t\t<\/div>\n\t\t\t\t<div class=\"elementor-element elementor-element-9e4202d elementor-widget elementor-widget-jet-listing-dynamic-field\" data-id=\"9e4202d\" data-element_type=\"widget\" data-e-type=\"widget\" data-widget_type=\"jet-listing-dynamic-field.default\">\n\t\t\t\t\t<div class=\"jet-listing jet-listing-dynamic-field display-inline\"><div class=\"jet-listing-dynamic-field__inline-wrap\"><div class=\"jet-listing-dynamic-field__content\" ><p style=\"text-align: justify\"><span style=\"font-weight: 400\">Cookies are small text files stored on the user\u2019s device (computer, tablet, or mobile phone) when accessing our website. Their purpose is to enable the site to remember certain actions and preferences\u2014such as language, font size, or other settings\u2014for a period of time, so the user does not have to reconfigure them on each visit.<\/span><\/p>\n<\/div><\/div><\/div>\t\t\t\t<\/div>\n\t\t\t\t\t<\/div>\n\t\t\t\t<\/div>\n\t\t\t\t<\/div>\n\t\t<\/div><div class=\"jet-listing-grid__item jet-listing-dynamic-post-663\" data-post-id=\"663\"  >\t\t<div data-elementor-type=\"jet-listing-items\" data-elementor-id=\"2181\" class=\"elementor elementor-2181\" data-elementor-post-type=\"jet-engine\">\n\t\t\t\t<div class=\"elementor-element elementor-element-a39bd8f e-flex e-con-boxed e-con e-parent\" data-id=\"a39bd8f\" data-element_type=\"container\" data-e-type=\"container\" data-settings=\"{&quot;jet_parallax_layout_list&quot;:[]}\">\n\t\t\t\t\t<div class=\"e-con-inner\">\n\t\t\t\t<div class=\"elementor-element elementor-element-500ab6d elementor-widget elementor-widget-jet-listing-dynamic-field\" data-id=\"500ab6d\" data-element_type=\"widget\" data-e-type=\"widget\" data-widget_type=\"jet-listing-dynamic-field.default\">\n\t\t\t\t\t<div class=\"jet-listing jet-listing-dynamic-field display-inline\"><div class=\"jet-listing-dynamic-field__inline-wrap\"><div class=\"jet-listing-dynamic-field__content\" >2. Data Controller<\/div><\/div><\/div>\t\t\t\t<\/div>\n\t\t\t\t<div class=\"elementor-element elementor-element-9e4202d elementor-widget elementor-widget-jet-listing-dynamic-field\" data-id=\"9e4202d\" data-element_type=\"widget\" data-e-type=\"widget\" data-widget_type=\"jet-listing-dynamic-field.default\">\n\t\t\t\t\t<div class=\"jet-listing jet-listing-dynamic-field display-inline\"><div class=\"jet-listing-dynamic-field__inline-wrap\"><div class=\"jet-listing-dynamic-field__content\" ><p style=\"text-align: justify\"><span style=\"font-weight: 400\">The Controller of the information collected through cookies is Madero Law,<\/span> <span style=\"font-weight: 400\">headquartered in Barranquilla, Colombia. Contact email: <\/span>\u00a0<a href=\"mailto:info@maderolaw.com\">info@maderolaw.com.<\/a><\/p>\n<\/div><\/div><\/div>\t\t\t\t<\/div>\n\t\t\t\t\t<\/div>\n\t\t\t\t<\/div>\n\t\t\t\t<\/div>\n\t\t<\/div><div class=\"jet-listing-grid__item jet-listing-dynamic-post-663\" data-post-id=\"663\"  >\t\t<div data-elementor-type=\"jet-listing-items\" data-elementor-id=\"2181\" class=\"elementor elementor-2181\" data-elementor-post-type=\"jet-engine\">\n\t\t\t\t<div class=\"elementor-element elementor-element-a39bd8f e-flex e-con-boxed e-con e-parent\" data-id=\"a39bd8f\" data-element_type=\"container\" data-e-type=\"container\" data-settings=\"{&quot;jet_parallax_layout_list&quot;:[]}\">\n\t\t\t\t\t<div class=\"e-con-inner\">\n\t\t\t\t<div class=\"elementor-element elementor-element-500ab6d elementor-widget elementor-widget-jet-listing-dynamic-field\" data-id=\"500ab6d\" data-element_type=\"widget\" data-e-type=\"widget\" data-widget_type=\"jet-listing-dynamic-field.default\">\n\t\t\t\t\t<div class=\"jet-listing jet-listing-dynamic-field display-inline\"><div class=\"jet-listing-dynamic-field__inline-wrap\"><div class=\"jet-listing-dynamic-field__content\" >3. Types of Cookies Used<\/div><\/div><\/div>\t\t\t\t<\/div>\n\t\t\t\t<div class=\"elementor-element elementor-element-9e4202d elementor-widget elementor-widget-jet-listing-dynamic-field\" data-id=\"9e4202d\" data-element_type=\"widget\" data-e-type=\"widget\" data-widget_type=\"jet-listing-dynamic-field.default\">\n\t\t\t\t\t<div class=\"jet-listing jet-listing-dynamic-field display-inline\"><div class=\"jet-listing-dynamic-field__inline-wrap\"><div class=\"jet-listing-dynamic-field__content\" ><p style=\"text-align: justify\"><span style=\"font-weight: 400\">This website uses the following types of cookies:<\/span><\/p>\n<ul>\n<li style=\"font-weight: 400;text-align: justify\"><b>Essential Cookies<\/b><span style=\"font-weight: 400\">: Strictly necessary for the basic functioning of the website, allowing navigation and use of its features. These do not require prior user consent.<\/span><\/li>\n<li style=\"font-weight: 400;text-align: justify\"><b>Analytics and Performance Cookies<\/b><span style=\"font-weight: 400\">: Provide statistical information on the use of the website, allowing us to optimize its performance and content.<\/span><\/li>\n<li style=\"font-weight: 400;text-align: justify\"><b>Personalization Cookies<\/b>: Remember user preferences to deliver a tailored experience aligned with individual interests.<\/li>\n<\/ul>\n<\/div><\/div><\/div>\t\t\t\t<\/div>\n\t\t\t\t\t<\/div>\n\t\t\t\t<\/div>\n\t\t\t\t<\/div>\n\t\t<\/div><div class=\"jet-listing-grid__item jet-listing-dynamic-post-663\" data-post-id=\"663\"  >\t\t<div data-elementor-type=\"jet-listing-items\" data-elementor-id=\"2181\" class=\"elementor elementor-2181\" data-elementor-post-type=\"jet-engine\">\n\t\t\t\t<div class=\"elementor-element elementor-element-a39bd8f e-flex e-con-boxed e-con e-parent\" data-id=\"a39bd8f\" data-element_type=\"container\" data-e-type=\"container\" data-settings=\"{&quot;jet_parallax_layout_list&quot;:[]}\">\n\t\t\t\t\t<div class=\"e-con-inner\">\n\t\t\t\t<div class=\"elementor-element elementor-element-500ab6d elementor-widget elementor-widget-jet-listing-dynamic-field\" data-id=\"500ab6d\" data-element_type=\"widget\" data-e-type=\"widget\" data-widget_type=\"jet-listing-dynamic-field.default\">\n\t\t\t\t\t<div class=\"jet-listing jet-listing-dynamic-field display-inline\"><div class=\"jet-listing-dynamic-field__inline-wrap\"><div class=\"jet-listing-dynamic-field__content\" >4. First-Party and Third-Party Cookies<\/div><\/div><\/div>\t\t\t\t<\/div>\n\t\t\t\t<div class=\"elementor-element elementor-element-9e4202d elementor-widget elementor-widget-jet-listing-dynamic-field\" data-id=\"9e4202d\" data-element_type=\"widget\" data-e-type=\"widget\" data-widget_type=\"jet-listing-dynamic-field.default\">\n\t\t\t\t\t<div class=\"jet-listing jet-listing-dynamic-field display-inline\"><div class=\"jet-listing-dynamic-field__inline-wrap\"><div class=\"jet-listing-dynamic-field__content\" ><p style=\"text-align: justify\"><span style=\"font-weight: 400\">The website may install cookies managed directly by\u00a0Madero Law\u00a0(first-party cookies) or by third-party providers offering analytics, personalization, or advertising services (third-party cookies). In the latter case, the information may be processed by such third parties in accordance with their own privacy policies.<\/span><\/p>\n<\/div><\/div><\/div>\t\t\t\t<\/div>\n\t\t\t\t\t<\/div>\n\t\t\t\t<\/div>\n\t\t\t\t<\/div>\n\t\t<\/div><div class=\"jet-listing-grid__item jet-listing-dynamic-post-663\" data-post-id=\"663\"  >\t\t<div data-elementor-type=\"jet-listing-items\" data-elementor-id=\"2181\" class=\"elementor elementor-2181\" data-elementor-post-type=\"jet-engine\">\n\t\t\t\t<div class=\"elementor-element elementor-element-a39bd8f e-flex e-con-boxed e-con e-parent\" data-id=\"a39bd8f\" data-element_type=\"container\" data-e-type=\"container\" data-settings=\"{&quot;jet_parallax_layout_list&quot;:[]}\">\n\t\t\t\t\t<div class=\"e-con-inner\">\n\t\t\t\t<div class=\"elementor-element elementor-element-500ab6d elementor-widget elementor-widget-jet-listing-dynamic-field\" data-id=\"500ab6d\" data-element_type=\"widget\" data-e-type=\"widget\" data-widget_type=\"jet-listing-dynamic-field.default\">\n\t\t\t\t\t<div class=\"jet-listing jet-listing-dynamic-field display-inline\"><div class=\"jet-listing-dynamic-field__inline-wrap\"><div class=\"jet-listing-dynamic-field__content\" >5. Duration of Cookies<\/div><\/div><\/div>\t\t\t\t<\/div>\n\t\t\t\t<div class=\"elementor-element elementor-element-9e4202d elementor-widget elementor-widget-jet-listing-dynamic-field\" data-id=\"9e4202d\" data-element_type=\"widget\" data-e-type=\"widget\" data-widget_type=\"jet-listing-dynamic-field.default\">\n\t\t\t\t\t<div class=\"jet-listing jet-listing-dynamic-field display-inline\"><div class=\"jet-listing-dynamic-field__inline-wrap\"><div class=\"jet-listing-dynamic-field__content\" ><ul>\n<li style=\"text-align: justify\"><b>Session Cookies<\/b><span style=\"font-weight: 400\">: Deleted automatically when the browser is closed.<\/span><\/li>\n<li style=\"text-align: justify\"><b>Persistent Cookies<\/b>: Remain on the user\u2019s device for a defined period or until manually deleted. The specific duration may be reviewed in the browser\u2019s settings.<\/li>\n<\/ul>\n<\/div><\/div><\/div>\t\t\t\t<\/div>\n\t\t\t\t\t<\/div>\n\t\t\t\t<\/div>\n\t\t\t\t<\/div>\n\t\t<\/div><div class=\"jet-listing-grid__item jet-listing-dynamic-post-663\" data-post-id=\"663\"  >\t\t<div data-elementor-type=\"jet-listing-items\" data-elementor-id=\"2181\" class=\"elementor elementor-2181\" data-elementor-post-type=\"jet-engine\">\n\t\t\t\t<div class=\"elementor-element elementor-element-a39bd8f e-flex e-con-boxed e-con e-parent\" data-id=\"a39bd8f\" data-element_type=\"container\" data-e-type=\"container\" data-settings=\"{&quot;jet_parallax_layout_list&quot;:[]}\">\n\t\t\t\t\t<div class=\"e-con-inner\">\n\t\t\t\t<div class=\"elementor-element elementor-element-500ab6d elementor-widget elementor-widget-jet-listing-dynamic-field\" data-id=\"500ab6d\" data-element_type=\"widget\" data-e-type=\"widget\" data-widget_type=\"jet-listing-dynamic-field.default\">\n\t\t\t\t\t<div class=\"jet-listing jet-listing-dynamic-field display-inline\"><div class=\"jet-listing-dynamic-field__inline-wrap\"><div class=\"jet-listing-dynamic-field__content\" >6. Consent and Management<\/div><\/div><\/div>\t\t\t\t<\/div>\n\t\t\t\t<div class=\"elementor-element elementor-element-9e4202d elementor-widget elementor-widget-jet-listing-dynamic-field\" data-id=\"9e4202d\" data-element_type=\"widget\" data-e-type=\"widget\" data-widget_type=\"jet-listing-dynamic-field.default\">\n\t\t\t\t\t<div class=\"jet-listing jet-listing-dynamic-field display-inline\"><div class=\"jet-listing-dynamic-field__inline-wrap\"><div class=\"jet-listing-dynamic-field__content\" ><p style=\"text-align: justify\"><span style=\"font-weight: 400\">When first accessing our website, a cookie notice will appear allowing users to accept or reject cookies according to their preferences. Consent may be withdrawn at any time through browser settings or by using the tools provided on the website itself.<\/span><\/p>\n<p style=\"text-align: justify\"><span style=\"font-weight: 400\">Disabling certain cookies may affect the functionality or performance of the website.<\/span><\/p>\n<\/div><\/div><\/div>\t\t\t\t<\/div>\n\t\t\t\t\t<\/div>\n\t\t\t\t<\/div>\n\t\t\t\t<\/div>\n\t\t<\/div><div class=\"jet-listing-grid__item jet-listing-dynamic-post-663\" data-post-id=\"663\"  >\t\t<div data-elementor-type=\"jet-listing-items\" data-elementor-id=\"2181\" class=\"elementor elementor-2181\" data-elementor-post-type=\"jet-engine\">\n\t\t\t\t<div class=\"elementor-element elementor-element-a39bd8f e-flex e-con-boxed e-con e-parent\" data-id=\"a39bd8f\" data-element_type=\"container\" data-e-type=\"container\" data-settings=\"{&quot;jet_parallax_layout_list&quot;:[]}\">\n\t\t\t\t\t<div class=\"e-con-inner\">\n\t\t\t\t<div class=\"elementor-element elementor-element-500ab6d elementor-widget elementor-widget-jet-listing-dynamic-field\" data-id=\"500ab6d\" data-element_type=\"widget\" data-e-type=\"widget\" data-widget_type=\"jet-listing-dynamic-field.default\">\n\t\t\t\t\t<div class=\"jet-listing jet-listing-dynamic-field display-inline\"><div class=\"jet-listing-dynamic-field__inline-wrap\"><div class=\"jet-listing-dynamic-field__content\" >7. Data Subject Rights<\/div><\/div><\/div>\t\t\t\t<\/div>\n\t\t\t\t<div class=\"elementor-element elementor-element-9e4202d elementor-widget elementor-widget-jet-listing-dynamic-field\" data-id=\"9e4202d\" data-element_type=\"widget\" data-e-type=\"widget\" data-widget_type=\"jet-listing-dynamic-field.default\">\n\t\t\t\t\t<div class=\"jet-listing jet-listing-dynamic-field display-inline\"><div class=\"jet-listing-dynamic-field__inline-wrap\"><div class=\"jet-listing-dynamic-field__content\" ><p style=\"text-align: justify\"><span style=\"font-weight: 400\">Users may exercise their rights to access, rectify, update, delete data, or withdraw consent by sending a request to\u00a0<a href=\"mailto:info@maderolaw.com\" target=\"_blank\" rel=\"noopener\">info@maderolaw.com<\/a>\u00a0or by following the procedures outlined in our Personal Data Protection Policy, available <a href=\"https:\/\/maderolaw.com\/en\/privacy-policy-2\/\">here<\/a>.<\/span><\/p>\n<\/div><\/div><\/div>\t\t\t\t<\/div>\n\t\t\t\t\t<\/div>\n\t\t\t\t<\/div>\n\t\t\t\t<\/div>\n\t\t<\/div><div class=\"jet-listing-grid__item jet-listing-dynamic-post-663\" data-post-id=\"663\"  >\t\t<div data-elementor-type=\"jet-listing-items\" data-elementor-id=\"2181\" class=\"elementor elementor-2181\" data-elementor-post-type=\"jet-engine\">\n\t\t\t\t<div class=\"elementor-element elementor-element-a39bd8f e-flex e-con-boxed e-con e-parent\" data-id=\"a39bd8f\" data-element_type=\"container\" data-e-type=\"container\" data-settings=\"{&quot;jet_parallax_layout_list&quot;:[]}\">\n\t\t\t\t\t<div class=\"e-con-inner\">\n\t\t\t\t<div class=\"elementor-element elementor-element-500ab6d elementor-widget elementor-widget-jet-listing-dynamic-field\" data-id=\"500ab6d\" data-element_type=\"widget\" data-e-type=\"widget\" data-widget_type=\"jet-listing-dynamic-field.default\">\n\t\t\t\t\t<div class=\"jet-listing jet-listing-dynamic-field display-inline\"><div class=\"jet-listing-dynamic-field__inline-wrap\"><div class=\"jet-listing-dynamic-field__content\" >8. Amendments<\/div><\/div><\/div>\t\t\t\t<\/div>\n\t\t\t\t<div class=\"elementor-element elementor-element-9e4202d elementor-widget elementor-widget-jet-listing-dynamic-field\" data-id=\"9e4202d\" data-element_type=\"widget\" data-e-type=\"widget\" data-widget_type=\"jet-listing-dynamic-field.default\">\n\t\t\t\t\t<div class=\"jet-listing jet-listing-dynamic-field display-inline\"><div class=\"jet-listing-dynamic-field__inline-wrap\"><div class=\"jet-listing-dynamic-field__content\" ><p style=\"text-align: justify\"><span style=\"font-weight: 400\">Madero Law\u00a0reserves the right to amend this Cookie Policy to adapt it to regulatory changes, recommendations from competent authorities, or international best practices in data protection. Any updates will be published in this section, indicating the date of the last revision.<\/span><\/p>\n<\/div><\/div><\/div>\t\t\t\t<\/div>\n\t\t\t\t\t<\/div>\n\t\t\t\t<\/div>\n\t\t\t\t<\/div>\n\t\t<\/div><div class=\"jet-listing-grid__item jet-listing-dynamic-post-663\" data-post-id=\"663\"  >\t\t<div data-elementor-type=\"jet-listing-items\" data-elementor-id=\"2181\" class=\"elementor elementor-2181\" data-elementor-post-type=\"jet-engine\">\n\t\t\t\t<div class=\"elementor-element elementor-element-a39bd8f e-flex e-con-boxed e-con e-parent\" data-id=\"a39bd8f\" data-element_type=\"container\" data-e-type=\"container\" data-settings=\"{&quot;jet_parallax_layout_list&quot;:[]}\">\n\t\t\t\t\t<div class=\"e-con-inner\">\n\t\t\t\t<div class=\"elementor-element elementor-element-500ab6d elementor-widget elementor-widget-jet-listing-dynamic-field\" data-id=\"500ab6d\" data-element_type=\"widget\" data-e-type=\"widget\" data-widget_type=\"jet-listing-dynamic-field.default\">\n\t\t\t\t\t<div class=\"jet-listing jet-listing-dynamic-field display-inline\"><div class=\"jet-listing-dynamic-field__inline-wrap\"><div class=\"jet-listing-dynamic-field__content\" >9. Effective Date<\/div><\/div><\/div>\t\t\t\t<\/div>\n\t\t\t\t<div class=\"elementor-element elementor-element-9e4202d elementor-widget elementor-widget-jet-listing-dynamic-field\" data-id=\"9e4202d\" data-element_type=\"widget\" data-e-type=\"widget\" data-widget_type=\"jet-listing-dynamic-field.default\">\n\t\t\t\t\t<div class=\"jet-listing jet-listing-dynamic-field display-inline\"><div class=\"jet-listing-dynamic-field__inline-wrap\"><div class=\"jet-listing-dynamic-field__content\" ><p style=\"text-align: justify\"><span style=\"font-weight: 400\">This Cookie Policy is effective as of September 18, 2025, and will remain in force while the\u00a0Madero Law\u00a0website is available or until amended. Any update will fully replace the previous version.<\/span><\/p>\n<p style=\"text-align: justify\"><span style=\"font-weight: 400\">Last updated: September 18, 2025.<\/span><\/p>\n<p style=\"text-align: justify\"><span style=\"font-weight: 400\">For further information regarding the processing of your personal data, please refer to our Personal Data Protection Policy <a href=\"https:\/\/maderolaw.com\/en\/privacy-policy-2\/\">here<\/a>.<\/span><\/p>\n<\/div><\/div><\/div>\t\t\t\t<\/div>\n\t\t\t\t\t<\/div>\n\t\t\t\t<\/div>\n\t\t\t\t<\/div>\n\t\t<\/div><\/div><\/div>\t\t\t\t<\/div>\n\t\t\t\t\t<\/div>\n\t\t\t\t<\/div>\n\t\t\t\t<\/div>\n\t\t","protected":false},"excerpt":{"rendered":"<p>En Madero Asociados empleamos cookies y tecnolog\u00edas similares con el prop\u00f3sito de optimizar la experiencia de navegaci\u00f3n en nuestro sitio web, analizar patrones de tr\u00e1fico y personalizar el contenido, en concordancia con nuestra Pol\u00edtica de Tratamiento de Datos Personales y con la normativa vigente en materia de protecci\u00f3n de datos. 1. Definici\u00f3n de cookies Las [&hellip;]<\/p>\n","protected":false},"author":1,"featured_media":0,"parent":0,"menu_order":0,"comment_status":"closed","ping_status":"closed","template":"","meta":{"_monsterinsights_skip_tracking":false,"_monsterinsights_sitenote_active":false,"_monsterinsights_sitenote_note":"","_monsterinsights_sitenote_category":0,"footnotes":""},"class_list":["post-663","page","type-page","status-publish","hentry"],"_hostinger_reach_plugin_has_subscription_block":false,"_hostinger_reach_plugin_is_elementor":false,"_links":{"self":[{"href":"https:\/\/maderolaw.com\/en\/wp-json\/wp\/v2\/pages\/663","targetHints":{"allow":["GET"]}}],"collection":[{"href":"https:\/\/maderolaw.com\/en\/wp-json\/wp\/v2\/pages"}],"about":[{"href":"https:\/\/maderolaw.com\/en\/wp-json\/wp\/v2\/types\/page"}],"author":[{"embeddable":true,"href":"https:\/\/maderolaw.com\/en\/wp-json\/wp\/v2\/users\/1"}],"replies":[{"embeddable":true,"href":"https:\/\/maderolaw.com\/en\/wp-json\/wp\/v2\/comments?post=663"}],"version-history":[{"count":39,"href":"https:\/\/maderolaw.com\/en\/wp-json\/wp\/v2\/pages\/663\/revisions"}],"predecessor-version":[{"id":2360,"href":"https:\/\/maderolaw.com\/en\/wp-json\/wp\/v2\/pages\/663\/revisions\/2360"}],"wp:attachment":[{"href":"https:\/\/maderolaw.com\/en\/wp-json\/wp\/v2\/media?parent=663"}],"curies":[{"name":"wp","href":"https:\/\/api.w.org\/{rel}","templated":true}]}}